{"id":13,"date":"2020-12-01T16:27:17","date_gmt":"2020-12-01T15:27:17","guid":{"rendered":"http:\/\/rencartaumelies.com\/?page_id=13"},"modified":"2025-10-04T22:45:21","modified_gmt":"2025-10-04T20:45:21","slug":"qui-sommes-nous","status":"publish","type":"page","link":"https:\/\/rencartaumelies.org\/index.php\/qui-sommes-nous\/","title":{"rendered":"Qui sommes-nous ?"},"content":{"rendered":"\n<div class=\"wp-block-group has-text-color is-layout-flow wp-block-group-is-layout-flow\" style=\"color:#da5f7a\">\n<div class=\"wp-block-columns is-layout-flex wp-container-core-columns-is-layout-9d6595d7 wp-block-columns-is-layout-flex\">\n<div class=\"wp-block-column is-layout-flow wp-block-column-is-layout-flow\" style=\"flex-basis:66.66%\">\n<p class=\"has-dark-gray-color has-text-color has-link-color has-small-font-size wp-elements-c021b40a517b1d9b66eb502c0a231bbb\">L\u2019association de spectateurs Renc\u2019Art au M\u00e9li\u00e8s a pour vocation de soutenir le M\u00e9li\u00e8s et le cin\u00e9ma public.<br>Elle propose \u00e0 ses adh\u00e9rents des places r\u00e9serv\u00e9es au M\u00e9li\u00e8s (pour \u00e9viter d\u2019\u00eatre refoul\u00e9s lors des soir\u00e9es compl\u00e8tes), des soir\u00e9es sp\u00e9ciales, des tarifs pr\u00e9f\u00e9rentiels pour certaines s\u00e9ances au M\u00e9li\u00e8s et dans d\u2019autres lieux culturels (th\u00e9\u00e2tres, lieux d\u2019expositions).<br>Elle favorise les rencontres entre les adh\u00e9rents par des visites de lieux li\u00e9s au patrimoine du 7\u00e8me Art, organise des moments de convivialit\u00e9, des \u00e9changes dans un th\u00e9\u00e2tre montreuillois \u2026<\/p>\n<\/div>\n\n\n\n<div class=\"wp-block-column is-layout-flow wp-block-column-is-layout-flow\" style=\"flex-basis:33.33%\">\n<figure class=\"wp-block-image size-large\"><img decoding=\"async\" src=\"https:\/\/rencartaumelies.org\/wp-content\/uploads\/2023\/12\/PHOTO-2023-10-04-22-05-11-e1701799964470-747x1024.jpg\" alt=\"\" class=\"wp-image-4184\"\/><\/figure>\n<\/div>\n<\/div>\n<\/div>\n\n\n\n<p class=\"has-text-align-center\"><strong>Bande-annonce :<\/strong><\/p>\n\n\n\n<figure class=\"wp-block-embed is-type-video is-provider-youtube wp-block-embed-youtube wp-embed-aspect-16-9 wp-has-aspect-ratio\"><div class=\"wp-block-embed__wrapper\">\n<iframe loading=\"lazy\" title=\"Bande-annonce Renc&#039;Art au M\u00e9li\u00e8s 2025-26\" width=\"900\" height=\"506\" src=\"https:\/\/www.youtube.com\/embed\/4gDzM8lw6sI?feature=oembed\" frameborder=\"0\" allow=\"accelerometer; autoplay; clipboard-write; encrypted-media; gyroscope; picture-in-picture; web-share\" referrerpolicy=\"strict-origin-when-cross-origin\" allowfullscreen><\/iframe>\n<\/div><\/figure>\n","protected":false},"excerpt":{"rendered":"<p>L\u2019association de spectateurs Renc\u2019Art au M\u00e9li\u00e8s a pour vocation de soutenir le M\u00e9li\u00e8s et le cin\u00e9ma public.Elle propose \u00e0 ses adh\u00e9rents des places r\u00e9serv\u00e9es au [&#8230;]<\/p>\n","protected":false},"author":3,"featured_media":0,"parent":0,"menu_order":0,"comment_status":"closed","ping_status":"closed","template":"templates\/template-sidebar-right.php","meta":{"footnotes":""},"class_list":["post-13","page","type-page","status-publish","hentry"],"_links":{"self":[{"href":"https:\/\/rencartaumelies.org\/index.php\/wp-json\/wp\/v2\/pages\/13","targetHints":{"allow":["GET"]}}],"collection":[{"href":"https:\/\/rencartaumelies.org\/index.php\/wp-json\/wp\/v2\/pages"}],"about":[{"href":"https:\/\/rencartaumelies.org\/index.php\/wp-json\/wp\/v2\/types\/page"}],"author":[{"embeddable":true,"href":"https:\/\/rencartaumelies.org\/index.php\/wp-json\/wp\/v2\/users\/3"}],"replies":[{"embeddable":true,"href":"https:\/\/rencartaumelies.org\/index.php\/wp-json\/wp\/v2\/comments?post=13"}],"version-history":[{"count":8,"href":"https:\/\/rencartaumelies.org\/index.php\/wp-json\/wp\/v2\/pages\/13\/revisions"}],"predecessor-version":[{"id":7465,"href":"https:\/\/rencartaumelies.org\/index.php\/wp-json\/wp\/v2\/pages\/13\/revisions\/7465"}],"wp:attachment":[{"href":"https:\/\/rencartaumelies.org\/index.php\/wp-json\/wp\/v2\/media?parent=13"}],"curies":[{"name":"wp","href":"https:\/\/api.w.org\/{rel}","templated":true}]}}