{"id":5219,"date":"2024-03-25T15:00:41","date_gmt":"2024-03-25T14:00:41","guid":{"rendered":"https:\/\/rencartaumelies.org\/?page_id=5219"},"modified":"2024-03-25T15:03:41","modified_gmt":"2024-03-25T14:03:41","slug":"montreuil-et-le-cinema","status":"publish","type":"page","link":"https:\/\/rencartaumelies.org\/index.php\/montreuil-et-le-cinema\/","title":{"rendered":"MONTREUIL et le CIN\u00c9MA"},"content":{"rendered":"\n<p>Rubrique en construction&#8230;<\/p>\n\n\n\n<p>Comportera 3 sujets : les cin\u00e9mas \u00e0 Montreuil, le Cin\u00e9ma \u00e0 Montreuil et le Cin\u00e9ma et Georges M\u00c9LI\u00c8S.<\/p>\n","protected":false},"excerpt":{"rendered":"<p>Rubrique en construction&#8230; Comportera 3 sujets : les cin\u00e9mas \u00e0 Montreuil, le Cin\u00e9ma \u00e0 Montreuil et le Cin\u00e9ma et Georges M\u00c9LI\u00c8S.<\/p>\n","protected":false},"author":8,"featured_media":0,"parent":0,"menu_order":0,"comment_status":"closed","ping_status":"closed","template":"","meta":{"footnotes":""},"class_list":["post-5219","page","type-page","status-publish","hentry"],"_links":{"self":[{"href":"https:\/\/rencartaumelies.org\/index.php\/wp-json\/wp\/v2\/pages\/5219","targetHints":{"allow":["GET"]}}],"collection":[{"href":"https:\/\/rencartaumelies.org\/index.php\/wp-json\/wp\/v2\/pages"}],"about":[{"href":"https:\/\/rencartaumelies.org\/index.php\/wp-json\/wp\/v2\/types\/page"}],"author":[{"embeddable":true,"href":"https:\/\/rencartaumelies.org\/index.php\/wp-json\/wp\/v2\/users\/8"}],"replies":[{"embeddable":true,"href":"https:\/\/rencartaumelies.org\/index.php\/wp-json\/wp\/v2\/comments?post=5219"}],"version-history":[{"count":2,"href":"https:\/\/rencartaumelies.org\/index.php\/wp-json\/wp\/v2\/pages\/5219\/revisions"}],"predecessor-version":[{"id":5223,"href":"https:\/\/rencartaumelies.org\/index.php\/wp-json\/wp\/v2\/pages\/5219\/revisions\/5223"}],"wp:attachment":[{"href":"https:\/\/rencartaumelies.org\/index.php\/wp-json\/wp\/v2\/media?parent=5219"}],"curies":[{"name":"wp","href":"https:\/\/api.w.org\/{rel}","templated":true}]}}